{"id":23,"date":"2022-11-08T21:57:23","date_gmt":"2022-11-08T20:57:23","guid":{"rendered":"https:\/\/diewilde13.com\/?page_id=23"},"modified":"2022-11-12T16:45:22","modified_gmt":"2022-11-12T15:45:22","slug":"die-elterninitiative","status":"publish","type":"page","link":"https:\/\/diewilde13.com\/index.php\/die-elterninitiative\/","title":{"rendered":"Elterninitiative"},"content":{"rendered":"\n<p>Die \u201eWilde 13\u201c ist ein selbst organisierter Elternverein, der sich aufgrund seines langj\u00e4hrigen Bestehens und seiner Gr\u00f6\u00dfe stark professionalisiert hat:<\/p>\n\n\n\n<ul class=\"wp-block-list\">\n<li>Es gibt eine freigestellte Leitung, die f\u00fcr alle organisatorischen und p\u00e4dagogischen Angelegenheiten zust\u00e4ndig ist.<\/li>\n\n\n\n<li>Das Mittagessen (vorwiegend Bioqualit\u00e4t) wird im Kinderhaus von einer K\u00f6chin frisch zubereitet.<\/li>\n\n\n\n<li>Die Reinigung der H\u00e4user erfolgt durch eine Putzfirma.<\/li>\n<\/ul>\n\n\n\n<p>Dar\u00fcber hinaus ist das Engagement der Eltern &#8211; zum Beispiel bei Renovierungen, Gartenarbeiten oder Festen &#8211; erw\u00fcnscht und notwendig. Auch \u00c4mter wie Elternsprecher der einzelnen Gruppen und Vereinsvorstand gilt es zu besetzen.<\/p>\n\n\n\n<p>Wir legen Wert auf eine intensive Zusammenarbeit und regelm\u00e4\u00dfigen Austausch zwischen Eltern und ErzieherInnen. Es werden regelm\u00e4\u00dfig Elternabende, Gruppennachmittage und Elterngespr\u00e4che angeboten.<\/p>\n\n\n\n<p><a rel=\"noreferrer noopener\" href=\"https:\/\/diewilde13.com\/wp-content\/uploads\/2022\/11\/Konzeption-der-Wilden13-Stand-12-2018.pdf\" data-type=\"attachment\" data-id=\"24\" target=\"_blank\">Konzeption der Wilden 13 (Stand 12\/2018, PDF)<\/a><\/p>\n","protected":false},"excerpt":{"rendered":"<p>Die \u201eWilde 13\u201c ist ein selbst organisierter Elternverein, der sich aufgrund seines langj\u00e4hrigen Bestehens und seiner Gr\u00f6\u00dfe stark professionalisiert hat: Dar\u00fcber hinaus ist das Engagement der Eltern &#8211; zum Beispiel bei Renovierungen, Gartenarbeiten oder Festen &#8211; erw\u00fcnscht und notwendig. Auch \u00c4mter wie Elternsprecher der einzelnen Gruppen und Vereinsvorstand gilt es zu besetzen. Wir legen Wert [&hellip;]<\/p>\n","protected":false},"author":1,"featured_media":0,"parent":0,"menu_order":0,"comment_status":"closed","ping_status":"closed","template":"","meta":{"footnotes":""},"class_list":["post-23","page","type-page","status-publish","hentry"],"_links":{"self":[{"href":"https:\/\/diewilde13.com\/index.php\/wp-json\/wp\/v2\/pages\/23","targetHints":{"allow":["GET"]}}],"collection":[{"href":"https:\/\/diewilde13.com\/index.php\/wp-json\/wp\/v2\/pages"}],"about":[{"href":"https:\/\/diewilde13.com\/index.php\/wp-json\/wp\/v2\/types\/page"}],"author":[{"embeddable":true,"href":"https:\/\/diewilde13.com\/index.php\/wp-json\/wp\/v2\/users\/1"}],"replies":[{"embeddable":true,"href":"https:\/\/diewilde13.com\/index.php\/wp-json\/wp\/v2\/comments?post=23"}],"version-history":[{"count":4,"href":"https:\/\/diewilde13.com\/index.php\/wp-json\/wp\/v2\/pages\/23\/revisions"}],"predecessor-version":[{"id":108,"href":"https:\/\/diewilde13.com\/index.php\/wp-json\/wp\/v2\/pages\/23\/revisions\/108"}],"wp:attachment":[{"href":"https:\/\/diewilde13.com\/index.php\/wp-json\/wp\/v2\/media?parent=23"}],"curies":[{"name":"wp","href":"https:\/\/api.w.org\/{rel}","templated":true}]}}