{"id":46,"date":"2022-11-08T22:41:56","date_gmt":"2022-11-08T21:41:56","guid":{"rendered":"https:\/\/diewilde13.com\/?page_id=46"},"modified":"2026-01-22T17:31:31","modified_gmt":"2026-01-22T16:31:31","slug":"die-stellenangebote","status":"publish","type":"page","link":"https:\/\/diewilde13.com\/index.php\/die-stellenangebote\/","title":{"rendered":"Stellenangebote"},"content":{"rendered":"\n<p>&nbsp;<strong>&#8222;Die Wilde 13&#8220;<\/strong> sucht&nbsp;f\u00fcr Kindergarten, Krippe und Hort<\/p>\n\n\n\n<p><strong>zum n\u00e4chstm\u00f6glichen Zeitpunkt:<\/strong><\/p>\n\n\n\n<ul class=\"wp-block-list\">\n<li><a href=\"https:\/\/diewilde13.com\/index.php\/2023\/09\/23\/padagogische-aushilfskrafte-fur-alle-gruppen\/\" data-type=\"post\" data-id=\"159\">p\u00e4dagogische Aushilfskr\u00e4fte f\u00fcr alle Gruppen (Krippe, Kindergarten, Hort)<\/a><\/li>\n<\/ul>\n\n\n\n<p>Wir freuen uns auf Bewerbungen an:<br>\u201eDie Wilde 13\u201c, z. Hd. &nbsp;Frau Gotta\/Frau Veil,<br>Kahlertstra\u00dfe 1<br>64293 Darmstadt<br>oder an <a href=\"mailto:info@diewilde13.com\">info@diewilde13.com<\/a><\/p>\n\n\n\n<p><strong>Weitere Jobangebote<\/strong> findet ihr auf unserer Seite <a href=\"https:\/\/diewilde13.com\/index.php\/test\/\" data-type=\"page\" data-id=\"5\">Aktuelles<\/a> <\/p>\n\n\n\n<p><br><\/p>\n","protected":false},"excerpt":{"rendered":"<p>&nbsp;&#8222;Die Wilde 13&#8220; sucht&nbsp;f\u00fcr Kindergarten, Krippe und Hort zum n\u00e4chstm\u00f6glichen Zeitpunkt: Wir freuen uns auf Bewerbungen an:\u201eDie Wilde 13\u201c, z. Hd. &nbsp;Frau Gotta\/Frau Veil,Kahlertstra\u00dfe 164293 Darmstadtoder an info@diewilde13.com Weitere Jobangebote findet ihr auf unserer Seite Aktuelles<\/p>\n","protected":false},"author":1,"featured_media":0,"parent":0,"menu_order":0,"comment_status":"closed","ping_status":"closed","template":"","meta":{"footnotes":""},"class_list":["post-46","page","type-page","status-publish","hentry"],"_links":{"self":[{"href":"https:\/\/diewilde13.com\/index.php\/wp-json\/wp\/v2\/pages\/46","targetHints":{"allow":["GET"]}}],"collection":[{"href":"https:\/\/diewilde13.com\/index.php\/wp-json\/wp\/v2\/pages"}],"about":[{"href":"https:\/\/diewilde13.com\/index.php\/wp-json\/wp\/v2\/types\/page"}],"author":[{"embeddable":true,"href":"https:\/\/diewilde13.com\/index.php\/wp-json\/wp\/v2\/users\/1"}],"replies":[{"embeddable":true,"href":"https:\/\/diewilde13.com\/index.php\/wp-json\/wp\/v2\/comments?post=46"}],"version-history":[{"count":15,"href":"https:\/\/diewilde13.com\/index.php\/wp-json\/wp\/v2\/pages\/46\/revisions"}],"predecessor-version":[{"id":343,"href":"https:\/\/diewilde13.com\/index.php\/wp-json\/wp\/v2\/pages\/46\/revisions\/343"}],"wp:attachment":[{"href":"https:\/\/diewilde13.com\/index.php\/wp-json\/wp\/v2\/media?parent=46"}],"curies":[{"name":"wp","href":"https:\/\/api.w.org\/{rel}","templated":true}]}}